{"id":389,"date":"2024-11-29T21:18:03","date_gmt":"2024-11-30T01:18:03","guid":{"rendered":"https:\/\/piscinasdeltif.cl\/?page_id=389"},"modified":"2024-11-29T21:25:01","modified_gmt":"2024-11-30T01:25:01","slug":"reembolso_devoluciones","status":"publish","type":"page","link":"https:\/\/piscinasdeltif.cl\/en\/reembolso_devoluciones\/","title":{"rendered":"Pol\u00edtica de devoluciones y reembolsos"},"content":{"rendered":"<div data-elementor-type=\"wp-page\" data-elementor-id=\"389\" class=\"elementor elementor-389\" data-elementor-post-type=\"page\">\n\t\t\t\t<div class=\"elementor-element elementor-element-1ba955d e-con-full e-flex e-con e-parent\" data-id=\"1ba955d\" data-element_type=\"container\" data-e-type=\"container\">\n\t\t\t\t<div class=\"elementor-element elementor-element-e3789e7 elementor-widget elementor-widget-text-editor\" data-id=\"e3789e7\" data-element_type=\"widget\" data-e-type=\"widget\" data-widget_type=\"text-editor.default\">\n\t\t\t\t<div class=\"elementor-widget-container\">\n\t\t\t\t\t\t\t\t\t<p>Al acceder a este sitio web, asumimos que aceptas estos t\u00e9rminos y condiciones en su totalidad. No contin\u00faes usando el sitio web emprendecmp.cl si no aceptas todos los t\u00e9rminos y condiciones establecidos en esta p\u00e1gina.<\/p><p>La siguiente terminolog\u00eda se aplica a estos T\u00e9rminos y Condiciones, Declaraci\u00f3n de Privacidad y Aviso legal y cualquiera o todos los Acuerdos: el Cliente, Usted y Su se refieren a usted, la persona que accede a este sitio web y acepta los t\u00e9rminos y condiciones de la Compa\u00f1\u00eda. La Compa\u00f1\u00eda, Nosotros mismos, Nosotros y Nuestro, se refiere a nuestra Compa\u00f1\u00eda. Parte, Partes o Nosotros, se refiere en conjunto al Cliente y a nosotros mismos, o al Cliente o a nosotros mismos.<\/p><p>Cualquier uso de la terminolog\u00eda anterior u otras palabras en singular, plural, may\u00fasculas y\/o, \u00e9l\/ella o ellos, se consideran intercambiables y, por lo tanto, se refieren a lo mismo.<\/p><h3>Cookies<\/h3><p>Empleamos el uso de cookies. Al utilizar el sitio web de emprendecmp.cl, usted acepta el uso de cookies de acuerdo con la pol\u00edtica de privacidad de emprendecmp.cl. La mayor\u00eda de los modernos sitios web interactivos de hoy en d\u00eda usan cookies para permitirnos recuperar los detalles del usuario para cada visita.<\/p><p>Las cookies se utilizan en algunas \u00e1reas de nuestro sitio para habilitar la funcionalidad de esta \u00e1rea y la facilidad de uso para las personas que lo visitan. Algunos de nuestros socios afiliados\/publicitarios tambi\u00e9n pueden usar cookies.<\/p><h3>Licencia<\/h3><p>A menos que se indique lo contrario, emprendecmp.cl y\/o sus licenciatarios les pertenecen los derechos de propiedad intelectual de todo el material en emprendecmp.cl.<\/p><p>Todos los derechos de propiedad intelectual est\u00e1n reservados. Puedes ver y\/o imprimir p\u00e1ginas desde https:\/\/www.emprendecmp.cl para tu uso personal sujeto a las restricciones establecidas en estos t\u00e9rminos y condiciones.<\/p><h3>No debes:<\/h3><p>Volver a publicar material desde https:\/\/www.emprendecmp.cl.<br \/>Vender, alquilar u otorgar una sub-licencia de material desde https:\/\/www.emprendecmp.cl.<br \/>Reproducir, duplicar o copiar material desde https:\/\/www.emprendecmp.cl.<br \/>Redistribuir contenido de emprendecmp.cl, a menos de que el contenido se haga espec\u00edficamente para la redistribuci\u00f3n.<\/p><h3>Aviso legal<\/h3><p>En la medida m\u00e1xima permitida por la ley aplicable, excluimos todas las representaciones, garant\u00edas y condiciones relacionadas con nuestro sitio web y el uso de este sitio web (incluyendo, sin limitaci\u00f3n, cualquier garant\u00eda impl\u00edcita por la ley con respecto a la calidad satisfactoria, idoneidad para el prop\u00f3sito y\/o el uso de cuidado y habilidad razonables).<\/p><p>Limita o excluye nuestra o su responsabilidad por muerte o lesiones personales resultantes de negligencia.<br \/>Limita o excluye nuestra o su responsabilidad por fraude o tergiversaci\u00f3n fraudulenta.<br \/>Limita cualquiera de nuestras o sus responsabilidades de cualquier manera que no est\u00e9 permitida por la ley aplicable.<br \/>Excluye cualquiera de nuestras o sus responsabilidades que no pueden ser excluidas bajo la ley aplicable.<\/p><p>En la medida en que el sitio web y la informaci\u00f3n y los servicios en el sitio web se proporcionen de forma gratuita, no seremos responsables de ninguna p\u00e9rdida o da\u00f1o de ning\u00fan tip.<\/p>\t\t\t\t\t\t\t\t<\/div>\n\t\t\t\t<\/div>\n\t\t\t\t<\/div>\n\t\t\t\t<\/div>","protected":false},"excerpt":{"rendered":"<p>Al acceder a este sitio web, asumimos que aceptas estos t\u00e9rminos y condiciones en su totalidad. No contin\u00faes usando el [&hellip;]<\/p>\n","protected":false},"author":1,"featured_media":0,"parent":0,"menu_order":9,"comment_status":"closed","ping_status":"closed","template":"","meta":{"_acf_changed":false,"inline_featured_image":false,"footnotes":""},"class_list":["post-389","page","type-page","status-publish","hentry"],"acf":[],"_links":{"self":[{"href":"https:\/\/piscinasdeltif.cl\/en\/wp-json\/wp\/v2\/pages\/389","targetHints":{"allow":["GET"]}}],"collection":[{"href":"https:\/\/piscinasdeltif.cl\/en\/wp-json\/wp\/v2\/pages"}],"about":[{"href":"https:\/\/piscinasdeltif.cl\/en\/wp-json\/wp\/v2\/types\/page"}],"author":[{"embeddable":true,"href":"https:\/\/piscinasdeltif.cl\/en\/wp-json\/wp\/v2\/users\/1"}],"replies":[{"embeddable":true,"href":"https:\/\/piscinasdeltif.cl\/en\/wp-json\/wp\/v2\/comments?post=389"}],"version-history":[{"count":0,"href":"https:\/\/piscinasdeltif.cl\/en\/wp-json\/wp\/v2\/pages\/389\/revisions"}],"wp:attachment":[{"href":"https:\/\/piscinasdeltif.cl\/en\/wp-json\/wp\/v2\/media?parent=389"}],"curies":[{"name":"wp","href":"https:\/\/api.w.org\/{rel}","templated":true}]}}