{"id":24,"date":"2021-07-12T16:22:31","date_gmt":"2021-07-12T16:22:31","guid":{"rendered":"https:\/\/piscinasdeltif.cl\/?page_id=24"},"modified":"2025-02-28T03:31:40","modified_gmt":"2025-02-28T07:31:40","slug":"quienes-somos","status":"publish","type":"page","link":"http:\/\/piscinasdeltif.cl\/en\/quienes-somos\/","title":{"rendered":"Quienes somos"},"content":{"rendered":"<div data-elementor-type=\"wp-page\" data-elementor-id=\"24\" class=\"elementor elementor-24\" data-elementor-post-type=\"page\">\n\t\t\t\t\t\t<section class=\"elementor-section elementor-top-section elementor-element elementor-element-6d01945 elementor-section-boxed elementor-section-height-default elementor-section-height-default\" data-id=\"6d01945\" data-element_type=\"section\" data-e-type=\"section\">\n\t\t\t\t\t\t<div class=\"elementor-container elementor-column-gap-default\">\n\t\t\t\t\t<div class=\"elementor-column elementor-col-50 elementor-top-column elementor-element elementor-element-efd44c0\" data-id=\"efd44c0\" data-element_type=\"column\" data-e-type=\"column\">\n\t\t\t<div class=\"elementor-widget-wrap elementor-element-populated\">\n\t\t\t\t\t\t<div class=\"elementor-element elementor-element-cc8d0bf elementor-widget elementor-widget-text-editor\" data-id=\"cc8d0bf\" data-element_type=\"widget\" data-e-type=\"widget\" data-widget_type=\"text-editor.default\">\n\t\t\t\t<div class=\"elementor-widget-container\">\n\t\t\t\t\t\t\t\t\t<p>Somos una empresa joven que nace en la Quinta regi\u00f3n, formada por profesionales y apoyada por personal t\u00e9cnico capacitado en la construcci\u00f3n\u00a0 de piscinas de fibra de vidrio y de hormig\u00f3n, con una trayectoria de m\u00e1s de 15 a\u00f1os en el rubro.<\/p><p>Buscamos dar la mayor satisfacci\u00f3n al cliente en su elecci\u00f3n, es por esto que contamos con una gran gama de piscinas y tinas de hidromasaje, adem\u00e1s de insumos que ayudaran a mantener y cuidar su inversi\u00f3n.<\/p><p>Los invitamos a conocernos.<\/p>\t\t\t\t\t\t\t\t<\/div>\n\t\t\t\t<\/div>\n\t\t\t\t\t<\/div>\n\t\t<\/div>\n\t\t\t\t<div class=\"elementor-column elementor-col-50 elementor-top-column elementor-element elementor-element-d948feb\" data-id=\"d948feb\" data-element_type=\"column\" data-e-type=\"column\">\n\t\t\t<div class=\"elementor-widget-wrap elementor-element-populated\">\n\t\t\t\t\t\t<div class=\"elementor-element elementor-element-7903e08 elementor-widget elementor-widget-image\" data-id=\"7903e08\" data-element_type=\"widget\" data-e-type=\"widget\" data-widget_type=\"image.default\">\n\t\t\t\t<div class=\"elementor-widget-container\">\n\t\t\t\t\t\t\t\t\t\t\t\t\t\t\t<img loading=\"lazy\" decoding=\"async\" width=\"1024\" height=\"576\" src=\"https:\/\/piscinasdeltif.cl\/wp-content\/uploads\/2021\/07\/IMG_6618-1024x576.jpg\" class=\"attachment-large size-large wp-image-114\" alt=\"\" srcset=\"https:\/\/piscinasdeltif.cl\/wp-content\/uploads\/2021\/07\/IMG_6618-1024x576.jpg 1024w, https:\/\/piscinasdeltif.cl\/wp-content\/uploads\/2021\/07\/IMG_6618-600x338.jpg 600w, https:\/\/piscinasdeltif.cl\/wp-content\/uploads\/2021\/07\/IMG_6618-300x169.jpg 300w, https:\/\/piscinasdeltif.cl\/wp-content\/uploads\/2021\/07\/IMG_6618-768x432.jpg 768w, https:\/\/piscinasdeltif.cl\/wp-content\/uploads\/2021\/07\/IMG_6618.jpg 1280w\" sizes=\"auto, (max-width: 1024px) 100vw, 1024px\" \/>\t\t\t\t\t\t\t\t\t\t\t\t\t\t\t<\/div>\n\t\t\t\t<\/div>\n\t\t\t\t\t<\/div>\n\t\t<\/div>\n\t\t\t\t\t<\/div>\n\t\t<\/section>\n\t\t\t\t<section class=\"elementor-section elementor-top-section elementor-element elementor-element-46b1e6e elementor-section-boxed elementor-section-height-default elementor-section-height-default\" data-id=\"46b1e6e\" data-element_type=\"section\" data-e-type=\"section\">\n\t\t\t\t\t\t<div class=\"elementor-container elementor-column-gap-default\">\n\t\t\t\t\t<div class=\"elementor-column elementor-col-100 elementor-top-column elementor-element elementor-element-7cc8057\" data-id=\"7cc8057\" data-element_type=\"column\" data-e-type=\"column\">\n\t\t\t<div class=\"elementor-widget-wrap elementor-element-populated\">\n\t\t\t\t\t\t<div class=\"elementor-element elementor-element-4954601 elementor-widget elementor-widget-text-editor\" data-id=\"4954601\" data-element_type=\"widget\" data-e-type=\"widget\" data-widget_type=\"text-editor.default\">\n\t\t\t\t<div class=\"elementor-widget-container\">\n\t\t\t\t\t\t\t\t\t<p><strong>Contacto : Carlos Delgadillo<\/strong><br \/><strong>Fono: 56 9 7774 8308<\/strong><br \/><strong>Email: info@piscinasdeltif.cl<\/strong><\/p>\t\t\t\t\t\t\t\t<\/div>\n\t\t\t\t<\/div>\n\t\t\t\t\t<\/div>\n\t\t<\/div>\n\t\t\t\t\t<\/div>\n\t\t<\/section>\n\t\t\t\t<\/div>","protected":false},"excerpt":{"rendered":"<p>Somos una empresa joven que nace en la Quinta regi\u00f3n, formada por profesionales y apoyada por personal t\u00e9cnico capacitado en [&hellip;]<\/p>\n","protected":false},"author":1,"featured_media":0,"parent":0,"menu_order":1,"comment_status":"closed","ping_status":"closed","template":"","meta":{"_acf_changed":false,"inline_featured_image":false,"footnotes":""},"class_list":["post-24","page","type-page","status-publish","hentry"],"acf":[],"_links":{"self":[{"href":"http:\/\/piscinasdeltif.cl\/en\/wp-json\/wp\/v2\/pages\/24","targetHints":{"allow":["GET"]}}],"collection":[{"href":"http:\/\/piscinasdeltif.cl\/en\/wp-json\/wp\/v2\/pages"}],"about":[{"href":"http:\/\/piscinasdeltif.cl\/en\/wp-json\/wp\/v2\/types\/page"}],"author":[{"embeddable":true,"href":"http:\/\/piscinasdeltif.cl\/en\/wp-json\/wp\/v2\/users\/1"}],"replies":[{"embeddable":true,"href":"http:\/\/piscinasdeltif.cl\/en\/wp-json\/wp\/v2\/comments?post=24"}],"version-history":[{"count":0,"href":"http:\/\/piscinasdeltif.cl\/en\/wp-json\/wp\/v2\/pages\/24\/revisions"}],"wp:attachment":[{"href":"http:\/\/piscinasdeltif.cl\/en\/wp-json\/wp\/v2\/media?parent=24"}],"curies":[{"name":"wp","href":"https:\/\/api.w.org\/{rel}","templated":true}]}}